{"id":13858,"date":"2023-04-25T08:24:39","date_gmt":"2023-04-25T06:24:39","guid":{"rendered":"http:\/\/www.msbilovicelutotin.cz\/?page_id=13858"},"modified":"2023-04-25T08:24:39","modified_gmt":"2023-04-25T06:24:39","slug":"velikonocni-dilnicka-zdobeni-beranku-27-3-2023","status":"publish","type":"page","link":"https:\/\/www.msbilovicelutotin.cz\/?page_id=13858","title":{"rendered":"Velikono\u010dn\u00ed d\u00edlni\u010dka &#8211; zdoben\u00ed ber\u00e1nk\u016f- 27.3.2023"},"content":{"rendered":"","protected":true},"excerpt":{"rendered":"","protected":true},"author":1,"featured_media":0,"parent":10,"menu_order":0,"comment_status":"closed","ping_status":"closed","template":"","meta":{"footnotes":""},"class_list":["post-13858","page","type-page","status-publish","post-password-required","hentry"],"_links":{"self":[{"href":"https:\/\/www.msbilovicelutotin.cz\/index.php?rest_route=\/wp\/v2\/pages\/13858","targetHints":{"allow":["GET"]}}],"collection":[{"href":"https:\/\/www.msbilovicelutotin.cz\/index.php?rest_route=\/wp\/v2\/pages"}],"about":[{"href":"https:\/\/www.msbilovicelutotin.cz\/index.php?rest_route=\/wp\/v2\/types\/page"}],"author":[{"embeddable":true,"href":"https:\/\/www.msbilovicelutotin.cz\/index.php?rest_route=\/wp\/v2\/users\/1"}],"replies":[{"embeddable":true,"href":"https:\/\/www.msbilovicelutotin.cz\/index.php?rest_route=%2Fwp%2Fv2%2Fcomments&post=13858"}],"version-history":[{"count":1,"href":"https:\/\/www.msbilovicelutotin.cz\/index.php?rest_route=\/wp\/v2\/pages\/13858\/revisions"}],"predecessor-version":[{"id":13859,"href":"https:\/\/www.msbilovicelutotin.cz\/index.php?rest_route=\/wp\/v2\/pages\/13858\/revisions\/13859"}],"up":[{"embeddable":true,"href":"https:\/\/www.msbilovicelutotin.cz\/index.php?rest_route=\/wp\/v2\/pages\/10"}],"wp:attachment":[{"href":"https:\/\/www.msbilovicelutotin.cz\/index.php?rest_route=%2Fwp%2Fv2%2Fmedia&parent=13858"}],"curies":[{"name":"wp","href":"https:\/\/api.w.org\/{rel}","templated":true}]}}