{"id":18113,"date":"2024-11-03T21:49:20","date_gmt":"2024-11-03T20:49:20","guid":{"rendered":"https:\/\/www.msbilovicelutotin.cz\/?page_id=18113"},"modified":"2024-11-03T21:49:20","modified_gmt":"2024-11-03T20:49:20","slug":"iris-v-ms-pred-dubem-za-dubem-rijen-2024","status":"publish","type":"page","link":"https:\/\/www.msbilovicelutotin.cz\/?page_id=18113","title":{"rendered":"IRIS V M\u0160-P\u0159ed dubem za dubem &#8211; \u0159\u00edjen 2024"},"content":{"rendered":"","protected":true},"excerpt":{"rendered":"","protected":true},"author":1,"featured_media":0,"parent":10,"menu_order":0,"comment_status":"closed","ping_status":"closed","template":"","meta":{"footnotes":""},"class_list":["post-18113","page","type-page","status-publish","post-password-required","hentry"],"_links":{"self":[{"href":"https:\/\/www.msbilovicelutotin.cz\/index.php?rest_route=\/wp\/v2\/pages\/18113","targetHints":{"allow":["GET"]}}],"collection":[{"href":"https:\/\/www.msbilovicelutotin.cz\/index.php?rest_route=\/wp\/v2\/pages"}],"about":[{"href":"https:\/\/www.msbilovicelutotin.cz\/index.php?rest_route=\/wp\/v2\/types\/page"}],"author":[{"embeddable":true,"href":"https:\/\/www.msbilovicelutotin.cz\/index.php?rest_route=\/wp\/v2\/users\/1"}],"replies":[{"embeddable":true,"href":"https:\/\/www.msbilovicelutotin.cz\/index.php?rest_route=%2Fwp%2Fv2%2Fcomments&post=18113"}],"version-history":[{"count":1,"href":"https:\/\/www.msbilovicelutotin.cz\/index.php?rest_route=\/wp\/v2\/pages\/18113\/revisions"}],"predecessor-version":[{"id":18114,"href":"https:\/\/www.msbilovicelutotin.cz\/index.php?rest_route=\/wp\/v2\/pages\/18113\/revisions\/18114"}],"up":[{"embeddable":true,"href":"https:\/\/www.msbilovicelutotin.cz\/index.php?rest_route=\/wp\/v2\/pages\/10"}],"wp:attachment":[{"href":"https:\/\/www.msbilovicelutotin.cz\/index.php?rest_route=%2Fwp%2Fv2%2Fmedia&parent=18113"}],"curies":[{"name":"wp","href":"https:\/\/api.w.org\/{rel}","templated":true}]}}