{"id":23587,"date":"2026-04-08T11:36:52","date_gmt":"2026-04-08T09:36:52","guid":{"rendered":"https:\/\/www.msbilovicelutotin.cz\/?page_id=23587"},"modified":"2026-04-08T11:36:52","modified_gmt":"2026-04-08T09:36:52","slug":"koralky-plne-ruce-prace-brezen-2026","status":"publish","type":"page","link":"https:\/\/www.msbilovicelutotin.cz\/?page_id=23587","title":{"rendered":"Kor\u00e1lky-pln\u00e9 ruce pr\u00e1ce-b\u0159ezen 2026"},"content":{"rendered":"","protected":true},"excerpt":{"rendered":"","protected":true},"author":1,"featured_media":0,"parent":0,"menu_order":0,"comment_status":"closed","ping_status":"closed","template":"","meta":{"footnotes":""},"class_list":["post-23587","page","type-page","status-publish","post-password-required","hentry"],"_links":{"self":[{"href":"https:\/\/www.msbilovicelutotin.cz\/index.php?rest_route=\/wp\/v2\/pages\/23587","targetHints":{"allow":["GET"]}}],"collection":[{"href":"https:\/\/www.msbilovicelutotin.cz\/index.php?rest_route=\/wp\/v2\/pages"}],"about":[{"href":"https:\/\/www.msbilovicelutotin.cz\/index.php?rest_route=\/wp\/v2\/types\/page"}],"author":[{"embeddable":true,"href":"https:\/\/www.msbilovicelutotin.cz\/index.php?rest_route=\/wp\/v2\/users\/1"}],"replies":[{"embeddable":true,"href":"https:\/\/www.msbilovicelutotin.cz\/index.php?rest_route=%2Fwp%2Fv2%2Fcomments&post=23587"}],"version-history":[{"count":1,"href":"https:\/\/www.msbilovicelutotin.cz\/index.php?rest_route=\/wp\/v2\/pages\/23587\/revisions"}],"predecessor-version":[{"id":23588,"href":"https:\/\/www.msbilovicelutotin.cz\/index.php?rest_route=\/wp\/v2\/pages\/23587\/revisions\/23588"}],"wp:attachment":[{"href":"https:\/\/www.msbilovicelutotin.cz\/index.php?rest_route=%2Fwp%2Fv2%2Fmedia&parent=23587"}],"curies":[{"name":"wp","href":"https:\/\/api.w.org\/{rel}","templated":true}]}}