{"id":23597,"date":"2026-04-08T13:03:22","date_gmt":"2026-04-08T11:03:22","guid":{"rendered":"https:\/\/www.msbilovicelutotin.cz\/?page_id=23597"},"modified":"2026-04-08T13:03:22","modified_gmt":"2026-04-08T11:03:22","slug":"tandem-vynaseni-smrtky-brezen-2026","status":"publish","type":"page","link":"https:\/\/www.msbilovicelutotin.cz\/?page_id=23597","title":{"rendered":"Tandem-vyn\u00e1\u0161en\u00ed Smrtky-b\u0159ezen 2026"},"content":{"rendered":"","protected":true},"excerpt":{"rendered":"","protected":true},"author":1,"featured_media":0,"parent":0,"menu_order":0,"comment_status":"closed","ping_status":"closed","template":"","meta":{"footnotes":""},"class_list":["post-23597","page","type-page","status-publish","post-password-required","hentry"],"_links":{"self":[{"href":"https:\/\/www.msbilovicelutotin.cz\/index.php?rest_route=\/wp\/v2\/pages\/23597","targetHints":{"allow":["GET"]}}],"collection":[{"href":"https:\/\/www.msbilovicelutotin.cz\/index.php?rest_route=\/wp\/v2\/pages"}],"about":[{"href":"https:\/\/www.msbilovicelutotin.cz\/index.php?rest_route=\/wp\/v2\/types\/page"}],"author":[{"embeddable":true,"href":"https:\/\/www.msbilovicelutotin.cz\/index.php?rest_route=\/wp\/v2\/users\/1"}],"replies":[{"embeddable":true,"href":"https:\/\/www.msbilovicelutotin.cz\/index.php?rest_route=%2Fwp%2Fv2%2Fcomments&post=23597"}],"version-history":[{"count":1,"href":"https:\/\/www.msbilovicelutotin.cz\/index.php?rest_route=\/wp\/v2\/pages\/23597\/revisions"}],"predecessor-version":[{"id":23598,"href":"https:\/\/www.msbilovicelutotin.cz\/index.php?rest_route=\/wp\/v2\/pages\/23597\/revisions\/23598"}],"wp:attachment":[{"href":"https:\/\/www.msbilovicelutotin.cz\/index.php?rest_route=%2Fwp%2Fv2%2Fmedia&parent=23597"}],"curies":[{"name":"wp","href":"https:\/\/api.w.org\/{rel}","templated":true}]}}