{"id":23605,"date":"2026-04-08T13:04:44","date_gmt":"2026-04-08T11:04:44","guid":{"rendered":"https:\/\/www.msbilovicelutotin.cz\/?page_id=23605"},"modified":"2026-04-08T13:04:44","modified_gmt":"2026-04-08T11:04:44","slug":"projektovy-den-v-ms-probuzeni-broucku-brezen-2026","status":"publish","type":"page","link":"https:\/\/www.msbilovicelutotin.cz\/?page_id=23605","title":{"rendered":"Projektov\u00fd den v M\u0160 &#8222;Probuzen\u00ed brou\u010dk\u016f&#8220;-b\u0159ezen 2026"},"content":{"rendered":"","protected":true},"excerpt":{"rendered":"","protected":true},"author":1,"featured_media":0,"parent":0,"menu_order":0,"comment_status":"closed","ping_status":"closed","template":"","meta":{"footnotes":""},"class_list":["post-23605","page","type-page","status-publish","post-password-required","hentry"],"_links":{"self":[{"href":"https:\/\/www.msbilovicelutotin.cz\/index.php?rest_route=\/wp\/v2\/pages\/23605","targetHints":{"allow":["GET"]}}],"collection":[{"href":"https:\/\/www.msbilovicelutotin.cz\/index.php?rest_route=\/wp\/v2\/pages"}],"about":[{"href":"https:\/\/www.msbilovicelutotin.cz\/index.php?rest_route=\/wp\/v2\/types\/page"}],"author":[{"embeddable":true,"href":"https:\/\/www.msbilovicelutotin.cz\/index.php?rest_route=\/wp\/v2\/users\/1"}],"replies":[{"embeddable":true,"href":"https:\/\/www.msbilovicelutotin.cz\/index.php?rest_route=%2Fwp%2Fv2%2Fcomments&post=23605"}],"version-history":[{"count":1,"href":"https:\/\/www.msbilovicelutotin.cz\/index.php?rest_route=\/wp\/v2\/pages\/23605\/revisions"}],"predecessor-version":[{"id":23606,"href":"https:\/\/www.msbilovicelutotin.cz\/index.php?rest_route=\/wp\/v2\/pages\/23605\/revisions\/23606"}],"wp:attachment":[{"href":"https:\/\/www.msbilovicelutotin.cz\/index.php?rest_route=%2Fwp%2Fv2%2Fmedia&parent=23605"}],"curies":[{"name":"wp","href":"https:\/\/api.w.org\/{rel}","templated":true}]}}